{"id":3,"date":"2026-02-18T20:00:45","date_gmt":"2026-02-18T20:00:45","guid":{"rendered":"http:\/\/sh00873\/?page_id=3"},"modified":"2026-03-08T15:40:37","modified_gmt":"2026-03-08T15:40:37","slug":"privacy-policy","status":"publish","type":"page","link":"https:\/\/eko-store.com\/en\/privacy-policy\/","title":{"rendered":"Politika e Privat\u00ebsis\u00eb"},"content":{"rendered":"<h2 class=\"wp-block-heading\">Kush jemi ne<\/h2>\n\n\n\n<p class=\"\">Adresa jon\u00eb e faqes \u00ebsht\u00eb: <a href=\"https:\/\/eko-store.com\/en\/\">https:\/\/eko-store.com<\/a>.<\/p>\n\n\n\n<h2 class=\"wp-block-heading\">Komentet<\/h2>\n\n\n\n<p class=\"\">Kur vizitor\u00ebt l\u00ebn\u00eb komente n\u00eb faqen ton\u00eb, ne mbledhim t\u00eb dh\u00ebnat e shfaqura n\u00eb formularin e komentit, si dhe adres\u00ebn IP dhe t\u00eb dh\u00ebnat e p\u00ebrdoruesit t\u00eb shfletuesit p\u00ebr t\u00eb ndihmuar n\u00eb zbulimin e spam-it.<br>Nj\u00eb varg i anonimizuar i krijuar nga adresa juaj e email-it (i njohur si hash) mund t\u2019i d\u00ebrgohet sh\u00ebrbimit Gravatar p\u00ebr t\u00eb par\u00eb n\u00ebse e p\u00ebrdorni at\u00eb. Politika e privat\u00ebsis\u00eb e Gravatar \u00ebsht\u00eb n\u00eb dispozicion <a href=\"https:\/\/automattic.com\/privacy\/\">k\u00ebtu<\/a>. Pas aprovimit t\u00eb komentit tuaj, fotografia juaj e profilit b\u00ebhet e dukshme p\u00ebr publikun n\u00eb kontekstin e komentit.<\/p>\n\n\n\n<h2 class=\"wp-block-heading\">Mediat<\/h2>\n\n\n\n<p class=\"\">N\u00ebse ngarkoni imazhe n\u00eb faqen ton\u00eb, duhet t\u00eb shmangni ngarkimin e imazheve me t\u00eb dh\u00ebna t\u00eb vendndodhjes s\u00eb integruar (EXIF GPS). Vizitor\u00ebt e faqes mund t\u00eb shkarkojn\u00eb dhe nxjerrin t\u00eb dh\u00ebna vendndodhjeje nga imazhet e faqes.<\/p>\n\n\n\n<h2 class=\"wp-block-heading\">Cookies<\/h2>\n\n\n\n<p class=\"\">N\u00ebse lini nj\u00eb koment n\u00eb faqen ton\u00eb, mund t\u00eb zgjidhni t\u00eb ruani emrin, adres\u00ebn e email-it dhe faqen tuaj n\u00eb cookies. K\u00ebto p\u00ebrdoren p\u00ebr leht\u00ebsin\u00eb tuaj, n\u00eb m\u00ebnyr\u00eb q\u00eb t\u00eb mos duhet t\u00eb futni p\u00ebrs\u00ebri t\u00eb dh\u00ebnat kur lini nj\u00eb koment tjet\u00ebr. K\u00ebto cookies do t\u00eb zgjasin p\u00ebr nj\u00eb vit.<\/p>\n\n\n\n<p class=\"\">N\u00ebse vizitoni faqen e logimit, ne do t\u00eb vendosim nj\u00eb cookie t\u00eb p\u00ebrkohsh\u00ebm p\u00ebr t\u00eb p\u00ebrcaktuar n\u00ebse shfletuesi juaj pranon cookies. Ky cookie nuk p\u00ebrmban t\u00eb dh\u00ebna personale dhe fshihet kur mbyllni shfletuesin.<\/p>\n\n\n\n<p class=\"\">Kur logoheni, ne gjithashtu vendosim disa cookies p\u00ebr t\u00eb ruajtur informacionin e logimit dhe zgjedhjet tuaja t\u00eb shfaqjes s\u00eb ekranit. Cookies e logimit zgjasin dy dit\u00eb, dhe cookies e opsioneve t\u00eb ekranit zgjasin nj\u00eb vit. N\u00ebse zgjidhni &#8220;Mbaj mend mua&#8221;, logimi juaj do t\u00eb zgjas\u00eb p\u00ebr dy jav\u00eb. N\u00ebse dilni nga llogaria, cookies e logimit do t\u00eb hiqen.<\/p>\n\n\n\n<p class=\"\">N\u00ebse redaktoni ose publikoni nj\u00eb artikull, nj\u00eb cookie shtes\u00eb do t\u00eb ruhet n\u00eb shfletuesin tuaj. Ky cookie nuk p\u00ebrmban t\u00eb dh\u00ebna personale dhe thjesht tregon ID-n\u00eb e artikullit q\u00eb sapo redaktuam. Ai skadon pas 1 dite.<\/p>\n\n\n\n<h2 class=\"wp-block-heading\">P\u00ebrmbajtja e p\u00ebrfshir\u00eb nga faqet e tjera<\/h2>\n\n\n\n<p class=\"\">Artikujt n\u00eb k\u00ebt\u00eb faqe mund t\u00eb p\u00ebrfshijn\u00eb p\u00ebrmbajtje t\u00eb integruar (p.sh. video, imazhe, artikuj, etj.). P\u00ebrmbajtja e integruar nga faqet e tjera sillet n\u00eb t\u00eb nj\u00ebjt\u00ebn m\u00ebnyr\u00eb si kur vizitoni faqen tjet\u00ebr direkt.<br>K\u00ebto faqe mund t\u00eb mbledhin t\u00eb dh\u00ebna p\u00ebr ju, t\u00eb p\u00ebrdorin cookies, t\u00eb integrojn\u00eb gjurmime shtes\u00eb t\u00eb pal\u00ebve t\u00eb treta dhe t\u00eb monitorojn\u00eb nd\u00ebrveprimin tuaj me p\u00ebrmbajtjen e integruar, p\u00ebrfshir\u00eb gjurmimin e nd\u00ebrveprimit n\u00ebse keni nj\u00eb llogari dhe jeni t\u00eb loguar n\u00eb at\u00eb faqe.<\/p>\n\n\n\n<h2 class=\"wp-block-heading\">Me k\u00eb ndajm\u00eb t\u00eb dh\u00ebnat tuaja<\/h2>\n\n\n\n<p class=\"\">N\u00ebse k\u00ebrkoni t\u00eb rivendosni fjal\u00ebkalimin, adresa juaj IP do t\u00eb p\u00ebrfshihet n\u00eb email-in e rivendosjes.<\/p>\n\n\n\n<h2 class=\"wp-block-heading\">Sa koh\u00eb ruajm\u00eb t\u00eb dh\u00ebnat tuaja<\/h2>\n\n\n\n<p class=\"\">N\u00ebse lini nj\u00eb koment, komenti dhe metadatat e tij ruhen p\u00ebrgjithmon\u00eb. Kjo na lejon t\u00eb njohim dhe aprovojm\u00eb \u00e7do koment pasues automatikisht, pa i mbajtur n\u00eb nj\u00eb radh\u00eb moderimi.<br>P\u00ebrdoruesve q\u00eb regjistrohen n\u00eb faqen ton\u00eb (n\u00ebse ka), gjithashtu ruajm\u00eb informacionin personal q\u00eb ata japin n\u00eb profilin e tyre t\u00eb p\u00ebrdoruesit. T\u00eb gjith\u00eb p\u00ebrdoruesit mund t\u00eb shohin, editojn\u00eb ose fshijn\u00eb informacionin e tyre personal n\u00eb \u00e7do koh\u00eb (p\u00ebrve\u00e7 ndryshimit t\u00eb emrit t\u00eb p\u00ebrdoruesit). Administrator\u00ebt e faqes gjithashtu mund t\u00eb shohin dhe editojn\u00eb k\u00ebt\u00eb informacion.<\/p>\n\n\n\n<h2 class=\"wp-block-heading\">T\u00eb drejtat tuaja mbi t\u00eb dh\u00ebnat<\/h2>\n\n\n\n<p class=\"\">N\u00ebse keni nj\u00eb llogari n\u00eb k\u00ebt\u00eb faqe, ose keni l\u00ebn\u00eb komente, mund t\u00eb k\u00ebrkoni t\u00eb merrni nj\u00eb skedar t\u00eb eksportuar me t\u00eb dh\u00ebnat personale q\u00eb mbajm\u00eb p\u00ebr ju, p\u00ebrfshir\u00eb \u00e7do t\u00eb dh\u00ebn\u00eb q\u00eb na keni dh\u00ebn\u00eb. Mund t\u00eb k\u00ebrkoni gjithashtu t\u00eb fshijm\u00eb \u00e7do t\u00eb dh\u00ebn\u00eb personale q\u00eb mbajm\u00eb p\u00ebr ju. Kjo nuk p\u00ebrfshin t\u00eb dh\u00ebna q\u00eb jemi t\u00eb detyruar t\u2019i ruajm\u00eb p\u00ebr arsye administrative, ligjore ose sigurie.<\/p>\n\n\n\n<h2 class=\"wp-block-heading\">Ku d\u00ebrgohen t\u00eb dh\u00ebnat tuaja<\/h2>\n\n\n\n<p class=\"\">Komentet e vizitor\u00ebve mund t\u00eb kontrollohen p\u00ebrmes nj\u00eb sh\u00ebrbimi t\u00eb automatizuar p\u00ebr zbulimin e spam-it.<\/p>","protected":false},"excerpt":{"rendered":"<p>Kush jemi ne Adresa jon\u00eb e faqes \u00ebsht\u00eb: https:\/\/eko-store.com. Komentet Kur vizitor\u00ebt l\u00ebn\u00eb komente n\u00eb faqen ton\u00eb, ne mbledhim t\u00eb dh\u00ebnat e shfaqura n\u00eb formularin e komentit, si dhe adres\u00ebn IP dhe t\u00eb dh\u00ebnat e p\u00ebrdoruesit t\u00eb shfletuesit p\u00ebr t\u00eb ndihmuar n\u00eb zbulimin e spam-it.Nj\u00eb varg i anonimizuar i krijuar nga adresa juaj e email-it [&hellip;]<\/p>\n","protected":false},"author":1,"featured_media":0,"parent":0,"menu_order":0,"comment_status":"closed","ping_status":"open","template":"","meta":{"nf_dc_page":"","om_disable_all_campaigns":false,"_monsterinsights_skip_tracking":false,"_monsterinsights_sitenote_active":false,"_monsterinsights_sitenote_note":"","_monsterinsights_sitenote_category":0,"site-sidebar-layout":"default","site-content-layout":"","ast-site-content-layout":"default","site-content-style":"default","site-sidebar-style":"default","ast-global-header-display":"","ast-banner-title-visibility":"","ast-main-header-display":"","ast-hfb-above-header-display":"","ast-hfb-below-header-display":"","ast-hfb-mobile-header-display":"","site-post-title":"","ast-breadcrumbs-content":"","ast-featured-img":"","footer-sml-layout":"","ast-disable-related-posts":"","theme-transparent-header-meta":"","adv-header-id-meta":"","stick-header-meta":"","header-above-stick-meta":"","header-main-stick-meta":"","header-below-stick-meta":"","astra-migrate-meta-layouts":"set","ast-page-background-enabled":"default","ast-page-background-meta":{"desktop":{"background-color":"var(--ast-global-color-4)","background-image":"","background-repeat":"repeat","background-position":"center center","background-size":"auto","background-attachment":"scroll","background-type":"","background-media":"","overlay-type":"","overlay-color":"","overlay-opacity":"","overlay-gradient":""},"tablet":{"background-color":"","background-image":"","background-repeat":"repeat","background-position":"center center","background-size":"auto","background-attachment":"scroll","background-type":"","background-media":"","overlay-type":"","overlay-color":"","overlay-opacity":"","overlay-gradient":""},"mobile":{"background-color":"","background-image":"","background-repeat":"repeat","background-position":"center center","background-size":"auto","background-attachment":"scroll","background-type":"","background-media":"","overlay-type":"","overlay-color":"","overlay-opacity":"","overlay-gradient":""}},"ast-content-background-meta":{"desktop":{"background-color":"var(--ast-global-color-5)","background-image":"","background-repeat":"repeat","background-position":"center center","background-size":"auto","background-attachment":"scroll","background-type":"","background-media":"","overlay-type":"","overlay-color":"","overlay-opacity":"","overlay-gradient":""},"tablet":{"background-color":"var(--ast-global-color-5)","background-image":"","background-repeat":"repeat","background-position":"center center","background-size":"auto","background-attachment":"scroll","background-type":"","background-media":"","overlay-type":"","overlay-color":"","overlay-opacity":"","overlay-gradient":""},"mobile":{"background-color":"var(--ast-global-color-5)","background-image":"","background-repeat":"repeat","background-position":"center center","background-size":"auto","background-attachment":"scroll","background-type":"","background-media":"","overlay-type":"","overlay-color":"","overlay-opacity":"","overlay-gradient":""}},"footnotes":""},"class_list":["post-3","page","type-page","status-publish","hentry"],"yoast_head":"<!-- This site is optimized with the Yoast SEO plugin v27.4 - https:\/\/yoast.com\/product\/yoast-seo-wordpress\/ -->\n<title>Politika e Privat\u00ebsis\u00eb - Eko Store<\/title>\n<meta name=\"robots\" content=\"index, follow, max-snippet:-1, max-image-preview:large, max-video-preview:-1\" \/>\n<link rel=\"canonical\" href=\"https:\/\/eko-store.com\/en\/privacy-policy\/\" \/>\n<meta property=\"og:locale\" content=\"en_US\" \/>\n<meta property=\"og:type\" content=\"article\" \/>\n<meta property=\"og:title\" content=\"Politika e Privat\u00ebsis\u00eb - Eko Store\" \/>\n<meta property=\"og:description\" content=\"Kush jemi ne Adresa jon\u00eb e faqes \u00ebsht\u00eb: https:\/\/eko-store.com. Komentet Kur vizitor\u00ebt l\u00ebn\u00eb komente n\u00eb faqen ton\u00eb, ne mbledhim t\u00eb dh\u00ebnat e shfaqura n\u00eb formularin e komentit, si dhe adres\u00ebn IP dhe t\u00eb dh\u00ebnat e p\u00ebrdoruesit t\u00eb shfletuesit p\u00ebr t\u00eb ndihmuar n\u00eb zbulimin e spam-it.Nj\u00eb varg i anonimizuar i krijuar nga adresa juaj e email-it [&hellip;]\" \/>\n<meta property=\"og:url\" content=\"https:\/\/eko-store.com\/en\/privacy-policy\/\" \/>\n<meta property=\"og:site_name\" content=\"Eko Store\" \/>\n<meta property=\"article:modified_time\" content=\"2026-03-08T15:40:37+00:00\" \/>\n<meta name=\"twitter:card\" content=\"summary_large_image\" \/>\n<meta name=\"twitter:label1\" content=\"Est. reading time\" \/>\n\t<meta name=\"twitter:data1\" content=\"3 minutes\" \/>\n<script type=\"application\/ld+json\" class=\"yoast-schema-graph\">{\"@context\":\"https:\\\/\\\/schema.org\",\"@graph\":[{\"@type\":\"WebPage\",\"@id\":\"https:\\\/\\\/eko-store.com\\\/privacy-policy\\\/\",\"url\":\"https:\\\/\\\/eko-store.com\\\/privacy-policy\\\/\",\"name\":\"Politika e Privat\u00ebsis\u00eb - Eko Store\",\"isPartOf\":{\"@id\":\"https:\\\/\\\/eko-store.com\\\/#website\"},\"datePublished\":\"2026-02-18T20:00:45+00:00\",\"dateModified\":\"2026-03-08T15:40:37+00:00\",\"breadcrumb\":{\"@id\":\"https:\\\/\\\/eko-store.com\\\/privacy-policy\\\/#breadcrumb\"},\"inLanguage\":\"en-US\",\"potentialAction\":[{\"@type\":\"ReadAction\",\"target\":[\"https:\\\/\\\/eko-store.com\\\/privacy-policy\\\/\"]}]},{\"@type\":\"BreadcrumbList\",\"@id\":\"https:\\\/\\\/eko-store.com\\\/privacy-policy\\\/#breadcrumb\",\"itemListElement\":[{\"@type\":\"ListItem\",\"position\":1,\"name\":\"Home\",\"item\":\"https:\\\/\\\/eko-store.com\\\/\"},{\"@type\":\"ListItem\",\"position\":2,\"name\":\"Politika e Privat\u00ebsis\u00eb\"}]},{\"@type\":\"WebSite\",\"@id\":\"https:\\\/\\\/eko-store.com\\\/#website\",\"url\":\"https:\\\/\\\/eko-store.com\\\/\",\"name\":\"Eko Store\",\"description\":\"Zgjidhje Moderne p\u00ebr Produkte Sanitare\",\"publisher\":{\"@id\":\"https:\\\/\\\/eko-store.com\\\/#organization\"},\"potentialAction\":[{\"@type\":\"SearchAction\",\"target\":{\"@type\":\"EntryPoint\",\"urlTemplate\":\"https:\\\/\\\/eko-store.com\\\/?s={search_term_string}\"},\"query-input\":{\"@type\":\"PropertyValueSpecification\",\"valueRequired\":true,\"valueName\":\"search_term_string\"}}],\"inLanguage\":\"en-US\"},{\"@type\":\"Organization\",\"@id\":\"https:\\\/\\\/eko-store.com\\\/#organization\",\"name\":\"Eko Store\",\"url\":\"https:\\\/\\\/eko-store.com\\\/\",\"logo\":{\"@type\":\"ImageObject\",\"inLanguage\":\"en-US\",\"@id\":\"https:\\\/\\\/eko-store.com\\\/#\\\/schema\\\/logo\\\/image\\\/\",\"url\":\"https:\\\/\\\/i0.wp.com\\\/eko-store.com\\\/wp-content\\\/uploads\\\/2026\\\/03\\\/logo-horizontal.png?fit=180%2C60&ssl=1\",\"contentUrl\":\"https:\\\/\\\/i0.wp.com\\\/eko-store.com\\\/wp-content\\\/uploads\\\/2026\\\/03\\\/logo-horizontal.png?fit=180%2C60&ssl=1\",\"width\":180,\"height\":60,\"caption\":\"Eko Store\"},\"image\":{\"@id\":\"https:\\\/\\\/eko-store.com\\\/#\\\/schema\\\/logo\\\/image\\\/\"}}]}<\/script>\n<!-- \/ Yoast SEO plugin. -->","yoast_head_json":{"title":"Politika e Privat\u00ebsis\u00eb - Eko Store","robots":{"index":"index","follow":"follow","max-snippet":"max-snippet:-1","max-image-preview":"max-image-preview:large","max-video-preview":"max-video-preview:-1"},"canonical":"https:\/\/eko-store.com\/en\/privacy-policy\/","og_locale":"en_US","og_type":"article","og_title":"Politika e Privat\u00ebsis\u00eb - Eko Store","og_description":"Kush jemi ne Adresa jon\u00eb e faqes \u00ebsht\u00eb: https:\/\/eko-store.com. Komentet Kur vizitor\u00ebt l\u00ebn\u00eb komente n\u00eb faqen ton\u00eb, ne mbledhim t\u00eb dh\u00ebnat e shfaqura n\u00eb formularin e komentit, si dhe adres\u00ebn IP dhe t\u00eb dh\u00ebnat e p\u00ebrdoruesit t\u00eb shfletuesit p\u00ebr t\u00eb ndihmuar n\u00eb zbulimin e spam-it.Nj\u00eb varg i anonimizuar i krijuar nga adresa juaj e email-it [&hellip;]","og_url":"https:\/\/eko-store.com\/en\/privacy-policy\/","og_site_name":"Eko Store","article_modified_time":"2026-03-08T15:40:37+00:00","twitter_card":"summary_large_image","twitter_misc":{"Est. reading time":"3 minutes"},"schema":{"@context":"https:\/\/schema.org","@graph":[{"@type":"WebPage","@id":"https:\/\/eko-store.com\/privacy-policy\/","url":"https:\/\/eko-store.com\/privacy-policy\/","name":"Politika e Privat\u00ebsis\u00eb - Eko Store","isPartOf":{"@id":"https:\/\/eko-store.com\/#website"},"datePublished":"2026-02-18T20:00:45+00:00","dateModified":"2026-03-08T15:40:37+00:00","breadcrumb":{"@id":"https:\/\/eko-store.com\/privacy-policy\/#breadcrumb"},"inLanguage":"en-US","potentialAction":[{"@type":"ReadAction","target":["https:\/\/eko-store.com\/privacy-policy\/"]}]},{"@type":"BreadcrumbList","@id":"https:\/\/eko-store.com\/privacy-policy\/#breadcrumb","itemListElement":[{"@type":"ListItem","position":1,"name":"Home","item":"https:\/\/eko-store.com\/"},{"@type":"ListItem","position":2,"name":"Politika e Privat\u00ebsis\u00eb"}]},{"@type":"WebSite","@id":"https:\/\/eko-store.com\/#website","url":"https:\/\/eko-store.com\/","name":"Eko Store","description":"Zgjidhje Moderne p\u00ebr Produkte Sanitare","publisher":{"@id":"https:\/\/eko-store.com\/#organization"},"potentialAction":[{"@type":"SearchAction","target":{"@type":"EntryPoint","urlTemplate":"https:\/\/eko-store.com\/?s={search_term_string}"},"query-input":{"@type":"PropertyValueSpecification","valueRequired":true,"valueName":"search_term_string"}}],"inLanguage":"en-US"},{"@type":"Organization","@id":"https:\/\/eko-store.com\/#organization","name":"Eko Store","url":"https:\/\/eko-store.com\/","logo":{"@type":"ImageObject","inLanguage":"en-US","@id":"https:\/\/eko-store.com\/#\/schema\/logo\/image\/","url":"https:\/\/i0.wp.com\/eko-store.com\/wp-content\/uploads\/2026\/03\/logo-horizontal.png?fit=180%2C60&ssl=1","contentUrl":"https:\/\/i0.wp.com\/eko-store.com\/wp-content\/uploads\/2026\/03\/logo-horizontal.png?fit=180%2C60&ssl=1","width":180,"height":60,"caption":"Eko Store"},"image":{"@id":"https:\/\/eko-store.com\/#\/schema\/logo\/image\/"}}]}},"jetpack_sharing_enabled":true,"_links":{"self":[{"href":"https:\/\/eko-store.com\/en\/wp-json\/wp\/v2\/pages\/3","targetHints":{"allow":["GET"]}}],"collection":[{"href":"https:\/\/eko-store.com\/en\/wp-json\/wp\/v2\/pages"}],"about":[{"href":"https:\/\/eko-store.com\/en\/wp-json\/wp\/v2\/types\/page"}],"author":[{"embeddable":true,"href":"https:\/\/eko-store.com\/en\/wp-json\/wp\/v2\/users\/1"}],"replies":[{"embeddable":true,"href":"https:\/\/eko-store.com\/en\/wp-json\/wp\/v2\/comments?post=3"}],"version-history":[{"count":1,"href":"https:\/\/eko-store.com\/en\/wp-json\/wp\/v2\/pages\/3\/revisions"}],"predecessor-version":[{"id":2223,"href":"https:\/\/eko-store.com\/en\/wp-json\/wp\/v2\/pages\/3\/revisions\/2223"}],"wp:attachment":[{"href":"https:\/\/eko-store.com\/en\/wp-json\/wp\/v2\/media?parent=3"}],"curies":[{"name":"wp","href":"https:\/\/api.w.org\/{rel}","templated":true}]}}